{"id":314,"date":"2026-03-21T19:11:00","date_gmt":"2026-03-21T19:11:00","guid":{"rendered":"https:\/\/justkart.pl\/?product=produkt-61"},"modified":"2026-03-23T18:04:33","modified_gmt":"2026-03-23T18:04:33","slug":"produkt-61","status":"publish","type":"product","link":"https:\/\/justkart.pl\/?product=produkt-61","title":{"rendered":"Personalizowana kartka na \u015alub w pude\u0142ku r\u0119cznie robiona."},"content":{"rendered":"<p>Elegancka, personalizowana, r\u0119cznie wykonana technik\u0105 scrapbookingu kartka na \u015alub<\/p>\n<p>Wymiary oko\u0142o 15 cm x 15 cm.<br \/>\nW \u015brodku miejsce na pieni\u0105dze, \u017cyczenia.<\/p>\n<p>Do kartki do\u0142\u0105czone ozdobione pude\u0142ko<\/p>\n<p>Bardzo starannie wykonane, z najlepszej jako\u015bci materia\u0142\u00f3w i z dba\u0142o\u015bci\u0105 o ka\u017cdy detal.<br \/>\nodbi\u00f3r osobisty lub wysy\u0142ka paczkomat InPost<\/p>\n<p>Zapraszam na moje pozosta\u0142e og\u0142oszenia i na: www.facebook.com\/justkart.made.with.love<\/p>\n","protected":false},"excerpt":{"rendered":"<p>Elegancka, personalizowana, r\u0119cznie wykonana technik\u0105 scrapbookingu kartka na \u015alub<\/p>\n","protected":false},"featured_media":411,"comment_status":"open","ping_status":"closed","template":"","meta":[],"product_brand":[],"product_cat":[16],"product_tag":[],"class_list":{"0":"post-314","1":"product","2":"type-product","3":"status-publish","4":"has-post-thumbnail","6":"product_cat-bez-kategorii","8":"first","9":"instock","10":"shipping-taxable","11":"purchasable","12":"product-type-simple"},"jetpack_sharing_enabled":true,"_links":{"self":[{"href":"https:\/\/justkart.pl\/index.php?rest_route=\/wp\/v2\/product\/314","targetHints":{"allow":["GET"]}}],"collection":[{"href":"https:\/\/justkart.pl\/index.php?rest_route=\/wp\/v2\/product"}],"about":[{"href":"https:\/\/justkart.pl\/index.php?rest_route=\/wp\/v2\/types\/product"}],"replies":[{"embeddable":true,"href":"https:\/\/justkart.pl\/index.php?rest_route=%2Fwp%2Fv2%2Fcomments&post=314"}],"wp:featuredmedia":[{"embeddable":true,"href":"https:\/\/justkart.pl\/index.php?rest_route=\/wp\/v2\/media\/411"}],"wp:attachment":[{"href":"https:\/\/justkart.pl\/index.php?rest_route=%2Fwp%2Fv2%2Fmedia&parent=314"}],"wp:term":[{"taxonomy":"product_brand","embeddable":true,"href":"https:\/\/justkart.pl\/index.php?rest_route=%2Fwp%2Fv2%2Fproduct_brand&post=314"},{"taxonomy":"product_cat","embeddable":true,"href":"https:\/\/justkart.pl\/index.php?rest_route=%2Fwp%2Fv2%2Fproduct_cat&post=314"},{"taxonomy":"product_tag","embeddable":true,"href":"https:\/\/justkart.pl\/index.php?rest_route=%2Fwp%2Fv2%2Fproduct_tag&post=314"}],"curies":[{"name":"wp","href":"https:\/\/api.w.org\/{rel}","templated":true}]}}