{"id":317,"date":"2026-03-21T19:11:00","date_gmt":"2026-03-21T19:11:00","guid":{"rendered":"https:\/\/justkart.pl\/?product=produkt-64"},"modified":"2026-03-23T18:06:13","modified_gmt":"2026-03-23T18:06:13","slug":"produkt-64","status":"publish","type":"product","link":"https:\/\/justkart.pl\/?product=produkt-64","title":{"rendered":"Pami\u0105tka Kartka r\u0119cznie robiona na Chrzest \u015awi\u0119ty, roczek."},"content":{"rendered":"<p>Bardzo starannie wykonane, z najlepszej jako\u015bci materia\u0142\u00f3w i z dba\u0142o\u015bci\u0105 o ka\u017cdy detal.<\/p>\n<p>W \u015brodku \u017cyczenia i miejsce na w\u0142o\u017cenie pieni\u0119dzy.<br \/>\nDo kartki do\u0142\u0105czona jest koperta.<\/p>\n<p>Zdj\u0119cia przedstawiaj\u0105 wykonane ju\u017c projekty, mog\u0105 si\u0119 nieznacznie r\u00f3\u017cni\u0107 wzorem lub kolorem u\u017cytych materia\u0142\u00f3w.<\/p>\n<p>Mo\u017cliwo\u015b\u0107 wykonania w kolorze r\u00f3\u017cowym, b\u0142\u0119kitnym, szarym, kremowym<\/p>\n<p>Odbi\u00f3r osobisty lub wysy\u0142ka: inPost<br \/>\nSerdecznie polecam \ud83d\ude42<\/p>\n<p>Wi\u0119cej zdj\u0119\u0107 zrealizowanych projekt\u00f3w na:<br \/>\nwww.facebook.com\/justkart.made.with.love<\/p>\n","protected":false},"excerpt":{"rendered":"<p>Eleganckie, r\u0119cznie wykonane kartki okoliczno\u015bciowe.<\/p>\n","protected":false},"featured_media":520,"comment_status":"open","ping_status":"closed","template":"","meta":[],"product_brand":[],"product_cat":[16],"product_tag":[],"class_list":{"0":"post-317","1":"product","2":"type-product","3":"status-publish","4":"has-post-thumbnail","6":"product_cat-bez-kategorii","8":"first","9":"instock","10":"shipping-taxable","11":"purchasable","12":"product-type-simple"},"jetpack_sharing_enabled":true,"_links":{"self":[{"href":"https:\/\/justkart.pl\/index.php?rest_route=\/wp\/v2\/product\/317","targetHints":{"allow":["GET"]}}],"collection":[{"href":"https:\/\/justkart.pl\/index.php?rest_route=\/wp\/v2\/product"}],"about":[{"href":"https:\/\/justkart.pl\/index.php?rest_route=\/wp\/v2\/types\/product"}],"replies":[{"embeddable":true,"href":"https:\/\/justkart.pl\/index.php?rest_route=%2Fwp%2Fv2%2Fcomments&post=317"}],"wp:featuredmedia":[{"embeddable":true,"href":"https:\/\/justkart.pl\/index.php?rest_route=\/wp\/v2\/media\/520"}],"wp:attachment":[{"href":"https:\/\/justkart.pl\/index.php?rest_route=%2Fwp%2Fv2%2Fmedia&parent=317"}],"wp:term":[{"taxonomy":"product_brand","embeddable":true,"href":"https:\/\/justkart.pl\/index.php?rest_route=%2Fwp%2Fv2%2Fproduct_brand&post=317"},{"taxonomy":"product_cat","embeddable":true,"href":"https:\/\/justkart.pl\/index.php?rest_route=%2Fwp%2Fv2%2Fproduct_cat&post=317"},{"taxonomy":"product_tag","embeddable":true,"href":"https:\/\/justkart.pl\/index.php?rest_route=%2Fwp%2Fv2%2Fproduct_tag&post=317"}],"curies":[{"name":"wp","href":"https:\/\/api.w.org\/{rel}","templated":true}]}}