{"id":326,"date":"2026-03-21T19:11:00","date_gmt":"2026-03-21T19:11:00","guid":{"rendered":"https:\/\/justkart.pl\/?product=produkt-73"},"modified":"2026-03-23T18:08:08","modified_gmt":"2026-03-23T18:08:08","slug":"produkt-73","status":"publish","type":"product","link":"https:\/\/justkart.pl\/?product=produkt-73","title":{"rendered":"Zaproszenie na I Komuni\u0119 \u015awi\u0119t\u0105 personalizowane."},"content":{"rendered":"<p>Zaproszenia w zestawie z bia\u0142\u0105 kopert\u0105<\/p>\n<p>Elementy podklejone na dystansach i sznureczek tworz\u0105 efekt 3D,<br \/>\nAkcent z\u0142ota lub srebra dodaj\u0105 zaproszeniu elegancji.<\/p>\n<p>Bardzo starannie wykonane, z najlepszej jako\u015bci materia\u0142\u00f3w i z dba\u0142o\u015bci\u0105 o ka\u017cdy detal.<\/p>\n<p>Wymiary oko\u0142o 15 cm x 15 cm.<\/p>\n<p>Mo\u017cliwy odbi\u00f3r osobisty lub przesy\u0142ka<\/p>\n<p>W pozosta\u0142ych og\u0142oszeniach i na:<br \/>\nwww.facebook.com\/justkart.made.with.love<br \/>\nwi\u0119cej zdj\u0119\u0107 i wzor\u00f3w<\/p>\n","protected":false},"excerpt":{"rendered":"<p>Eleganckie, r\u0119cznie wykonane technik\u0105 scrapbookingu, personalizowane zaproszenia na Pierwsz\u0105 Komuni\u0119 \u015awi\u0119t\u0105<\/p>\n","protected":false},"featured_media":537,"comment_status":"open","ping_status":"closed","template":"","meta":[],"product_brand":[],"product_cat":[16],"product_tag":[],"class_list":{"0":"post-326","1":"product","2":"type-product","3":"status-publish","4":"has-post-thumbnail","6":"product_cat-bez-kategorii","8":"first","9":"onbackorder","10":"shipping-taxable","11":"purchasable","12":"product-type-simple"},"jetpack_sharing_enabled":true,"_links":{"self":[{"href":"https:\/\/justkart.pl\/index.php?rest_route=\/wp\/v2\/product\/326","targetHints":{"allow":["GET"]}}],"collection":[{"href":"https:\/\/justkart.pl\/index.php?rest_route=\/wp\/v2\/product"}],"about":[{"href":"https:\/\/justkart.pl\/index.php?rest_route=\/wp\/v2\/types\/product"}],"replies":[{"embeddable":true,"href":"https:\/\/justkart.pl\/index.php?rest_route=%2Fwp%2Fv2%2Fcomments&post=326"}],"wp:featuredmedia":[{"embeddable":true,"href":"https:\/\/justkart.pl\/index.php?rest_route=\/wp\/v2\/media\/537"}],"wp:attachment":[{"href":"https:\/\/justkart.pl\/index.php?rest_route=%2Fwp%2Fv2%2Fmedia&parent=326"}],"wp:term":[{"taxonomy":"product_brand","embeddable":true,"href":"https:\/\/justkart.pl\/index.php?rest_route=%2Fwp%2Fv2%2Fproduct_brand&post=326"},{"taxonomy":"product_cat","embeddable":true,"href":"https:\/\/justkart.pl\/index.php?rest_route=%2Fwp%2Fv2%2Fproduct_cat&post=326"},{"taxonomy":"product_tag","embeddable":true,"href":"https:\/\/justkart.pl\/index.php?rest_route=%2Fwp%2Fv2%2Fproduct_tag&post=326"}],"curies":[{"name":"wp","href":"https:\/\/api.w.org\/{rel}","templated":true}]}}