{"id":330,"date":"2026-03-21T19:11:00","date_gmt":"2026-03-21T19:11:00","guid":{"rendered":"https:\/\/justkart.pl\/?product=produkt-77"},"modified":"2026-03-23T18:05:28","modified_gmt":"2026-03-23T18:05:28","slug":"produkt-77","status":"publish","type":"product","link":"https:\/\/justkart.pl\/?product=produkt-77","title":{"rendered":"Personalizowane zaproszenie na I Komuni\u0119 \u015awi\u0119t\u0105."},"content":{"rendered":"<p>Wymiary oko\u0142o 15 cm x 15 cm.<\/p>\n<p>Zaproszenia w zestawie z bia\u0142\u0105 kopert\u0105<\/p>\n<p>Dodatkowo proponuj\u0119 pude\u0142ko z dedykacj\u0105 zamiast koperty dla bardzo wa\u017cnych go\u015bci \ud83d\ude42<br \/>\n&#8211; Rodzic\u00f3w Chrzestnych<br \/>\n&#8211; Babci i Dziadka<\/p>\n<p>(koszt zaproszenia z pude\u0142kiem 24 z\u0142)<\/p>\n<p>Bardzo starannie wykonane, z najlepszej jako\u015bci materia\u0142\u00f3w i z dba\u0142o\u015bci\u0105 o ka\u017cdy detal.<\/p>\n<p>Kolorystyka:<br \/>\n&#8211; be\u017cowo- z\u0142ota<br \/>\n&#8211; szaro- srebrna<\/p>\n<p>Mo\u017cliwy odbi\u00f3r osobisty lub przesy\u0142ka<\/p>\n<p>W pozosta\u0142ych og\u0142oszeniach i na: www.facebook.com\/justkart.made.with.love wi\u0119cej zdj\u0119\u0107 i wzor\u00f3w<\/p>\n","protected":false},"excerpt":{"rendered":"<p>R\u0119cznie wykonane technik\u0105 scrapbookingu, personalizowane zaproszenia na Pierwsz\u0105 Komuni\u0119 \u015awi\u0119t\u0105.<\/p>\n","protected":false},"featured_media":421,"comment_status":"open","ping_status":"closed","template":"","meta":[],"product_brand":[],"product_cat":[16],"product_tag":[],"class_list":{"0":"post-330","1":"product","2":"type-product","3":"status-publish","4":"has-post-thumbnail","6":"product_cat-bez-kategorii","8":"first","9":"instock","10":"shipping-taxable","11":"purchasable","12":"product-type-simple"},"jetpack_sharing_enabled":true,"_links":{"self":[{"href":"https:\/\/justkart.pl\/index.php?rest_route=\/wp\/v2\/product\/330","targetHints":{"allow":["GET"]}}],"collection":[{"href":"https:\/\/justkart.pl\/index.php?rest_route=\/wp\/v2\/product"}],"about":[{"href":"https:\/\/justkart.pl\/index.php?rest_route=\/wp\/v2\/types\/product"}],"replies":[{"embeddable":true,"href":"https:\/\/justkart.pl\/index.php?rest_route=%2Fwp%2Fv2%2Fcomments&post=330"}],"wp:featuredmedia":[{"embeddable":true,"href":"https:\/\/justkart.pl\/index.php?rest_route=\/wp\/v2\/media\/421"}],"wp:attachment":[{"href":"https:\/\/justkart.pl\/index.php?rest_route=%2Fwp%2Fv2%2Fmedia&parent=330"}],"wp:term":[{"taxonomy":"product_brand","embeddable":true,"href":"https:\/\/justkart.pl\/index.php?rest_route=%2Fwp%2Fv2%2Fproduct_brand&post=330"},{"taxonomy":"product_cat","embeddable":true,"href":"https:\/\/justkart.pl\/index.php?rest_route=%2Fwp%2Fv2%2Fproduct_cat&post=330"},{"taxonomy":"product_tag","embeddable":true,"href":"https:\/\/justkart.pl\/index.php?rest_route=%2Fwp%2Fv2%2Fproduct_tag&post=330"}],"curies":[{"name":"wp","href":"https:\/\/api.w.org\/{rel}","templated":true}]}}