{"id":538,"date":"2026-03-24T16:48:54","date_gmt":"2026-03-24T16:48:54","guid":{"rendered":"https:\/\/justkart.pl\/?post_type=product&#038;p=538"},"modified":"2026-03-24T16:48:54","modified_gmt":"2026-03-24T16:48:54","slug":"kartka-na-rocznice-slubu-w-pudelku-recznie-robiona","status":"publish","type":"product","link":"https:\/\/justkart.pl\/?product=kartka-na-rocznice-slubu-w-pudelku-recznie-robiona","title":{"rendered":"Kartka na rocznic\u0119 \u015blubu w pude\u0142ku r\u0119cznie robiona"},"content":{"rendered":"<p>Bardzo starannie wykonane, z najlepszej jako\u015bci materia\u0142\u00f3w i z dba\u0142o\u015bci\u0105 o ka\u017cdy detal.<br \/>\nDo kartki do\u0142\u0105czone ozdobione pude\u0142ko.<br \/>\nW \u015brodku ozdobna zak\u0142adka, gdzie mo\u017cna w\u0142o\u017cy\u0107 pieni\u0105dze, \u017cyczenia.<\/p>\n<p>Wymiary kartki oko\u0142o 15 cm x 15 cm.<\/p>\n<p>Zdj\u0119cia przedstawiaj\u0105 wykonane ju\u017c projekty, mog\u0105 si\u0119 nieznacznie r\u00f3\u017cni\u0107 wzorem lub kolorem u\u017cytych materia\u0142\u00f3w.<\/p>\n<p>Mo\u017cliwy odbi\u00f3r osobisty lub przesy\u0142ka olx do paczkomatu<br \/>\nZapraszam na moje pozosta\u0142e og\u0142oszenia i na: www.facebook.com\/justkart.made.with.love<\/p>\n","protected":false},"excerpt":{"rendered":"<p>Eleganckie, r\u0119cznie wykonane kartki technik\u0105 scrapbookingu.<\/p>\n","protected":false},"featured_media":545,"comment_status":"open","ping_status":"closed","template":"","meta":[],"product_brand":[],"product_cat":[16],"product_tag":[],"class_list":{"0":"post-538","1":"product","2":"type-product","3":"status-publish","4":"has-post-thumbnail","6":"product_cat-bez-kategorii","8":"first","9":"instock","10":"shipping-taxable","11":"purchasable","12":"product-type-simple"},"jetpack_sharing_enabled":true,"_links":{"self":[{"href":"https:\/\/justkart.pl\/index.php?rest_route=\/wp\/v2\/product\/538","targetHints":{"allow":["GET"]}}],"collection":[{"href":"https:\/\/justkart.pl\/index.php?rest_route=\/wp\/v2\/product"}],"about":[{"href":"https:\/\/justkart.pl\/index.php?rest_route=\/wp\/v2\/types\/product"}],"replies":[{"embeddable":true,"href":"https:\/\/justkart.pl\/index.php?rest_route=%2Fwp%2Fv2%2Fcomments&post=538"}],"wp:featuredmedia":[{"embeddable":true,"href":"https:\/\/justkart.pl\/index.php?rest_route=\/wp\/v2\/media\/545"}],"wp:attachment":[{"href":"https:\/\/justkart.pl\/index.php?rest_route=%2Fwp%2Fv2%2Fmedia&parent=538"}],"wp:term":[{"taxonomy":"product_brand","embeddable":true,"href":"https:\/\/justkart.pl\/index.php?rest_route=%2Fwp%2Fv2%2Fproduct_brand&post=538"},{"taxonomy":"product_cat","embeddable":true,"href":"https:\/\/justkart.pl\/index.php?rest_route=%2Fwp%2Fv2%2Fproduct_cat&post=538"},{"taxonomy":"product_tag","embeddable":true,"href":"https:\/\/justkart.pl\/index.php?rest_route=%2Fwp%2Fv2%2Fproduct_tag&post=538"}],"curies":[{"name":"wp","href":"https:\/\/api.w.org\/{rel}","templated":true}]}}